{"id":23,"date":"2019-05-11T16:20:46","date_gmt":"2019-05-11T16:20:46","guid":{"rendered":"http:\/\/empresaocampo.com\/?page_id=23"},"modified":"2019-05-11T17:24:07","modified_gmt":"2019-05-11T17:24:07","slug":"perforacion","status":"publish","type":"page","link":"https:\/\/empresaocampo.com\/index.php\/perforacion\/","title":{"rendered":"Perforacion"},"content":{"rendered":"\n<div class=\"n2-section-smartslider \"><style>div#n2-ss-2{width:800px;float:left;margin:0px 0px 0px 0px;}html[dir=\"rtl\"] div#n2-ss-2{float:right;}div#n2-ss-2 .n2-ss-slider-1{position:relative;padding-top:0px;padding-right:0px;padding-bottom:0px;padding-left:0px;height:500px;border-style:solid;border-width:0px;border-color:#3e3e3e;border-color:RGBA(62,62,62,1);border-radius:0px;background-clip:padding-box;background-repeat:repeat;background-position:50% 50%;background-size:cover;background-attachment:scroll;}div#n2-ss-2 .n2-ss-slider-background-video-container{position:absolute;left:0;top:0;width:100%;height:100%;overflow:hidden;}div#n2-ss-2 .n2-ss-slider-2{position:relative;width:100%;height:100%;}.x-firefox div#n2-ss-2 .n2-ss-slider-2{opacity:0.99999;}div#n2-ss-2 .n2-ss-slider-3{position:relative;width:100%;height:100%;overflow:hidden;outline:1px solid rgba(0,0,0,0);z-index:10;}div#n2-ss-2 .n2-ss-slide-backgrounds,div#n2-ss-2 .n2-ss-slider-3 > .n-particles-js-canvas-el,div#n2-ss-2 .n2-ss-slider-3 > .n2-ss-divider{position:absolute;left:0;top:0;width:100%;height:100%;}div#n2-ss-2 .n2-ss-slide-backgrounds{z-index:10;}div#n2-ss-2 .n2-ss-slider-3 > .n-particles-js-canvas-el{z-index:12;}div#n2-ss-2 .n2-ss-slide-backgrounds > *{overflow:hidden;}div#n2-ss-2 .n2-ss-slide{position:absolute;top:0;left:0;width:100%;height:100%;z-index:20;display:block;-webkit-backface-visibility:hidden;}div#n2-ss-2 .n2-ss-layers-container{position:relative;width:800px;height:500px;}div#n2-ss-2 .n2-ss-parallax-clip > .n2-ss-layers-container{position:absolute;right:0;}div#n2-ss-2 .n2-ss-slide{perspective:1500px;}div#n2-ss-2[data-ie] .n2-ss-slide{perspective:none;transform:perspective(1500px);}div#n2-ss-2 .n2-ss-slide-active{z-index:21;}div#n2-ss-2 .nextend-arrow{cursor:pointer;overflow:hidden;line-height:0 !important;z-index:20;}div#n2-ss-2 .nextend-arrow img{position:relative;min-height:0;min-width:0;vertical-align:top;width:auto;height:auto;max-width:100%;max-height:100%;display:inline;}div#n2-ss-2 .nextend-arrow img.n2-arrow-hover-img{display:none;}div#n2-ss-2 .nextend-arrow:HOVER img.n2-arrow-hover-img{display:inline;}div#n2-ss-2 .nextend-arrow:HOVER img.n2-arrow-normal-img{display:none;}div#n2-ss-2 .nextend-arrow-animated{overflow:hidden;}div#n2-ss-2 .nextend-arrow-animated > div{position:relative;}div#n2-ss-2 .nextend-arrow-animated .n2-active{position:absolute;}div#n2-ss-2 .nextend-arrow-animated-fade{transition:background 0.3s, opacity 0.4s;}div#n2-ss-2 .nextend-arrow-animated-horizontal > div{transition:all 0.4s;left:0;}div#n2-ss-2 .nextend-arrow-animated-horizontal .n2-active{top:0;}div#n2-ss-2 .nextend-arrow-previous.nextend-arrow-animated-horizontal:HOVER > div,div#n2-ss-2 .nextend-arrow-next.nextend-arrow-animated-horizontal .n2-active{left:-100%;}div#n2-ss-2 .nextend-arrow-previous.nextend-arrow-animated-horizontal .n2-active,div#n2-ss-2 .nextend-arrow-next.nextend-arrow-animated-horizontal:HOVER > div{left:100%;}div#n2-ss-2 .nextend-arrow.nextend-arrow-animated-horizontal:HOVER .n2-active{left:0;}div#n2-ss-2 .nextend-arrow-animated-vertical > div{transition:all 0.4s;top:0;}div#n2-ss-2 .nextend-arrow-animated-vertical .n2-active{left:0;}div#n2-ss-2 .nextend-arrow-animated-vertical .n2-active{top:-100%;}div#n2-ss-2 .nextend-arrow-animated-vertical:HOVER > div{top:100%;}div#n2-ss-2 .nextend-arrow-animated-vertical:HOVER .n2-active{top:0;}div#n2-ss-2 .nextend-bar-horizontal div *{display:inline;}div#n2-ss-2 .n2-ss-control-bullet{visibility:hidden;text-align:center;justify-content:center;}div#n2-ss-2 .n2-ss-control-bullet-horizontal.n2-ss-control-bullet-fullsize{width:100%;}div#n2-ss-2 .n2-ss-control-bullet-vertical.n2-ss-control-bullet-fullsize{height:100%;flex-flow:column;}div#n2-ss-2 .nextend-bullet-bar{display:inline-flex;visibility:visible;align-items:center;flex-wrap:wrap;}div#n2-ss-2 .n2-bar-justify-content-left{justify-content:flex-start;}div#n2-ss-2 .n2-bar-justify-content-center{justify-content:center;}div#n2-ss-2 .n2-bar-justify-content-right{justify-content:flex-end;}div#n2-ss-2 .n2-ss-control-bullet-vertical > .nextend-bullet-bar{flex-flow:column;}div#n2-ss-2 .n2-ss-control-bullet-fullsize > .nextend-bullet-bar{display:flex;}div#n2-ss-2 .n2-ss-control-bullet-horizontal.n2-ss-control-bullet-fullsize > .nextend-bullet-bar{flex:1 1 auto;}div#n2-ss-2 .n2-ss-control-bullet-vertical.n2-ss-control-bullet-fullsize > .nextend-bullet-bar{height:100%;}div#n2-ss-2 .nextend-bullet-bar > div{display:inline-block;cursor:pointer;transition:background-color 0.4s;vertical-align:top;}div#n2-ss-2 .nextend-bullet-bar > div.n2-active{cursor:default;}div#n2-ss-2 div.n2-ss-bullet-thumbnail-container{position:absolute;opacity:0;z-index:10000000;}div#n2-ss-2 .n2-ss-bullet-thumbnail-container .n2-ss-bullet-thumbnail{background-size:cover;background-repeat:no-repeat;background-position:center;}div#n2-ss-2 .nextend-shadow{width:100%;z-index:0;}div#n2-ss-2 .nextend-shadow img{max-width:none;width:100%;}div#n2-ss-2 .n2-style-0dfcc93d26ded644e92fb1d300cbbfe1-simple{background: #000000;background: RGBA(0,0,0,0.67);opacity:1;padding:20px 20px 20px 20px ;box-shadow: none;border-width: 0px;border-style: solid;border-color: #000000; border-color: RGBA(0,0,0,1);border-radius:0px;}div#n2-ss-2 .n2-font-160f3fbf4fe58b5a701ceff068b6fb4d-simple{font-family: 'Montserrat';color: #ffffff;font-size:87.5%;text-shadow: none;line-height: 1.3;font-weight: normal;font-style: normal;text-decoration: none;text-align: left;letter-spacing: normal;word-spacing: normal;text-transform: none;vertical-align: middle;}div#n2-ss-2 .n2-font-5694dc379f9df4552c5ac191154451f0-simple{font-family: 'Montserrat';color: #ffffff;font-size:87.5%;text-shadow: none;line-height: 1.3;font-weight: normal;font-style: italic;text-decoration: none;text-align: left;letter-spacing: normal;word-spacing: normal;text-transform: none;vertical-align: middle;}div#n2-ss-2 .n2-style-2a0a200d6a6e1fade27fb9c90af83812-dot{background: #000000;background: RGBA(0,0,0,0.67);opacity:1;padding:5px 5px 5px 5px ;box-shadow: none;border-width: 0px;border-style: solid;border-color: #000000; border-color: RGBA(0,0,0,1);border-radius:50px;margin: 4px;}div#n2-ss-2 .n2-style-2a0a200d6a6e1fade27fb9c90af83812-dot.n2-active, div#n2-ss-2 .n2-style-2a0a200d6a6e1fade27fb9c90af83812-dot:HOVER{background: #00c1c4;}<\/style><div id=\"n2-ss-2-align\" class=\"n2-ss-align\"><div class=\"n2-padding\"><div id=\"n2-ss-2\" data-creator=\"Smart Slider 3\" class=\"n2-ss-slider n2-ow n2-has-hover n2notransition  n2-ss-load-fade \" data-minFontSizedesktopPortrait=\"4\" data-minFontSizedesktopLandscape=\"4\" data-minFontSizetabletPortrait=\"4\" data-minFontSizetabletLandscape=\"4\" data-minFontSizemobilePortrait=\"4\" data-minFontSizemobileLandscape=\"4\" style=\"font-size: 16px;\" data-fontsize=\"16\">\r\n        <div class=\"n2-ss-slider-1 n2-ss-swipe-element n2-ow\" style=\"\">\r\n                        <div class=\"n2-ss-slider-2 n2-ow\">\r\n                                <div class=\"n2-ss-slider-3 n2-ow\" style=\"\">\r\n\r\n                    <div class=\"n2-ss-slide-backgrounds\"><\/div><div data-first=\"1\" data-slide-duration=\"0\" data-id=\"4\" data-title=\"Dotamos de agua ala urbanizaci\u00f3n de San Blas\" style=\"\" class=\" n2-ss-slide n2-ss-canvas n2-ow  n2-ss-slide-4\"><div class=\"n2-ss-slide-background n2-ow\" data-mode=\"fill\"><div data-hash=\"415103afbadb15c84011f01012d55d19\" data-desktop=\"\/\/empresaocampo.com\/wp-content\/uploads\/resized\/f2c49f1693d5cf89cc535e161f7fb105\/1.jpg\" class=\"n2-ss-slide-background-image\" data-blur=\"0\"><img decoding=\"async\" src=\"\/\/empresaocampo.com\/wp-content\/uploads\/resized\/f2c49f1693d5cf89cc535e161f7fb105\/1.jpg\" alt=\"\" \/><\/div><\/div><div class=\"n2-ss-layers-container n2-ow\" data-csstextalign=\"center\" style=\"\"><\/div><\/div><div data-slide-duration=\"0\" data-id=\"5\" data-title=\"2\" style=\"\" class=\" n2-ss-slide n2-ss-canvas n2-ow  n2-ss-slide-5\"><div class=\"n2-ss-slide-background n2-ow\" data-mode=\"fill\"><div data-hash=\"efbe03a5cf9e1e11d7b2b4d5ca2930b7\" data-desktop=\"\/\/empresaocampo.com\/wp-content\/uploads\/resized\/4b204e1ace7e7103d2d449d12b5e1f11\/2.jpg\" class=\"n2-ss-slide-background-image\" data-blur=\"0\"><img decoding=\"async\" src=\"\/\/empresaocampo.com\/wp-content\/uploads\/resized\/4b204e1ace7e7103d2d449d12b5e1f11\/2.jpg\" alt=\"\" \/><\/div><\/div><div class=\"n2-ss-layers-container n2-ow\" data-csstextalign=\"center\" style=\"\"><\/div><\/div><div data-slide-duration=\"0\" data-id=\"6\" data-title=\"3\" style=\"\" class=\" n2-ss-slide n2-ss-canvas n2-ow  n2-ss-slide-6\"><div class=\"n2-ss-slide-background n2-ow\" data-mode=\"fill\"><div data-hash=\"34b502471e0cd86ee14a00f09a0a14d6\" data-desktop=\"\/\/empresaocampo.com\/wp-content\/uploads\/resized\/032c6c075a7c01b037c3162cf1eace9d\/3.jpg\" class=\"n2-ss-slide-background-image\" data-blur=\"0\"><img decoding=\"async\" src=\"\/\/empresaocampo.com\/wp-content\/uploads\/resized\/032c6c075a7c01b037c3162cf1eace9d\/3.jpg\" alt=\"\" \/><\/div><\/div><div class=\"n2-ss-layers-container n2-ow\" data-csstextalign=\"center\" style=\"\"><\/div><\/div><div data-slide-duration=\"0\" data-id=\"7\" data-title=\"4\" style=\"\" class=\" n2-ss-slide n2-ss-canvas n2-ow  n2-ss-slide-7\"><div class=\"n2-ss-slide-background n2-ow\" data-mode=\"fill\"><div data-hash=\"1d8bb86668622d9a213d97f897a81792\" data-desktop=\"\/\/empresaocampo.com\/wp-content\/uploads\/resized\/c41173cd7e825d2479a3f14782cb224b\/4.jpg\" class=\"n2-ss-slide-background-image\" data-blur=\"0\"><img decoding=\"async\" src=\"\/\/empresaocampo.com\/wp-content\/uploads\/resized\/c41173cd7e825d2479a3f14782cb224b\/4.jpg\" alt=\"\" \/><\/div><\/div><div class=\"n2-ss-layers-container n2-ow\" data-csstextalign=\"center\" style=\"\"><\/div><\/div><div data-slide-duration=\"0\" data-id=\"8\" data-title=\"5\" style=\"\" class=\" n2-ss-slide n2-ss-canvas n2-ow  n2-ss-slide-8\"><div class=\"n2-ss-slide-background n2-ow\" data-mode=\"fill\"><div data-hash=\"ee0012bdb25ec603898d7160926cf8b5\" data-desktop=\"\/\/empresaocampo.com\/wp-content\/uploads\/resized\/28c24d60c881566762dceedec44f42f1\/5.jpg\" class=\"n2-ss-slide-background-image\" data-blur=\"0\"><img decoding=\"async\" src=\"\/\/empresaocampo.com\/wp-content\/uploads\/resized\/28c24d60c881566762dceedec44f42f1\/5.jpg\" alt=\"\" \/><\/div><\/div><div class=\"n2-ss-layers-container n2-ow\" data-csstextalign=\"center\" style=\"\"><\/div><\/div><div data-slide-duration=\"0\" data-id=\"9\" data-title=\"6\" style=\"\" class=\" n2-ss-slide n2-ss-canvas n2-ow  n2-ss-slide-9\"><div class=\"n2-ss-slide-background n2-ow\" data-mode=\"fill\"><div data-hash=\"ee0d568e2fa8aaf1db024a511c60cd09\" data-desktop=\"\/\/empresaocampo.com\/wp-content\/uploads\/resized\/2f35a5e36b1062de592cf0de7b8d87d3\/6.jpg\" class=\"n2-ss-slide-background-image\" data-blur=\"0\"><img decoding=\"async\" src=\"\/\/empresaocampo.com\/wp-content\/uploads\/resized\/2f35a5e36b1062de592cf0de7b8d87d3\/6.jpg\" alt=\"\" \/><\/div><\/div><div class=\"n2-ss-layers-container n2-ow\" data-csstextalign=\"center\" style=\"\"><\/div><\/div>                <\/div>\r\n            <\/div>\r\n            <div data-ssleft=\"0+15\" data-sstop=\"height\/2-previousheight\/2\" id=\"n2-ss-2-arrow-previous\" class=\"n2-ss-widget n2-ss-widget-display-desktop n2-ss-widget-display-tablet n2-ss-widget-display-mobile nextend-arrow n2-ow nextend-arrow-previous  nextend-arrow-animated-fade n2-ib\" style=\"position: absolute;\" role=\"button\" aria-label=\"Previous slide\" tabindex=\"0\"><img decoding=\"async\" class=\"n2-ow\" data-no-lazy=\"1\" data-hack=\"data-lazy-src\" src=\"data:image\/svg+xml;base64,PHN2ZyB3aWR0aD0iMzIiIGhlaWdodD0iMzIiIHZpZXdCb3g9IjAgMCAzMiAzMiIgeG1sbnM9Imh0dHA6Ly93d3cudzMub3JnLzIwMDAvc3ZnIj48cGF0aCBkPSJNMTEuNDMzIDE1Ljk5MkwyMi42OSA1LjcxMmMuMzkzLS4zOS4zOTMtMS4wMyAwLTEuNDItLjM5My0uMzktMS4wMy0uMzktMS40MjMgMGwtMTEuOTggMTAuOTRjLS4yMS4yMS0uMy40OS0uMjg1Ljc2LS4wMTUuMjguMDc1LjU2LjI4NC43N2wxMS45OCAxMC45NGMuMzkzLjM5IDEuMDMuMzkgMS40MjQgMCAuMzkzLS40LjM5My0xLjAzIDAtMS40MmwtMTEuMjU3LTEwLjI5IiBmaWxsPSIjZmZmZmZmIiBvcGFjaXR5PSIwLjgiIGZpbGwtcnVsZT0iZXZlbm9kZCIvPjwvc3ZnPg==\" alt=\"previous arrow\" \/><\/div>\n<div data-ssright=\"0+15\" data-sstop=\"height\/2-nextheight\/2\" id=\"n2-ss-2-arrow-next\" class=\"n2-ss-widget n2-ss-widget-display-desktop n2-ss-widget-display-tablet n2-ss-widget-display-mobile nextend-arrow n2-ow nextend-arrow-next  nextend-arrow-animated-fade n2-ib\" style=\"position: absolute;\" role=\"button\" aria-label=\"Next slide\" tabindex=\"0\"><img decoding=\"async\" class=\"n2-ow\" data-no-lazy=\"1\" data-hack=\"data-lazy-src\" src=\"data:image\/svg+xml;base64,PHN2ZyB3aWR0aD0iMzIiIGhlaWdodD0iMzIiIHZpZXdCb3g9IjAgMCAzMiAzMiIgeG1sbnM9Imh0dHA6Ly93d3cudzMub3JnLzIwMDAvc3ZnIj48cGF0aCBkPSJNMTAuNzIyIDQuMjkzYy0uMzk0LS4zOS0xLjAzMi0uMzktMS40MjcgMC0uMzkzLjM5LS4zOTMgMS4wMyAwIDEuNDJsMTEuMjgzIDEwLjI4LTExLjI4MyAxMC4yOWMtLjM5My4zOS0uMzkzIDEuMDIgMCAxLjQyLjM5NS4zOSAxLjAzMy4zOSAxLjQyNyAwbDEyLjAwNy0xMC45NGMuMjEtLjIxLjMtLjQ5LjI4NC0uNzcuMDE0LS4yNy0uMDc2LS41NS0uMjg2LS43NkwxMC43MiA0LjI5M3oiIGZpbGw9IiNmZmZmZmYiIG9wYWNpdHk9IjAuOCIgZmlsbC1ydWxlPSJldmVub2RkIi8+PC9zdmc+\" alt=\"next arrow\" \/><\/div>\n<div data-ssleft=\"width\/2-barwidth\/2\" data-offset=\"0\" class=\"n2-ss-widget n2-ss-widget-display-desktop n2-ss-widget-display-tablet n2-ss-widget-display-mobile nextend-bar nextend-bar-horizontal n2-ow\" style=\"position: absolute;bottom:0px;text-align: left;width:100%;\"><div class=\"n2-style-0dfcc93d26ded644e92fb1d300cbbfe1-simple  n2-ow\" style=\"\"><\/div><\/div>\n<div data-ssleft=\"width\/2-bulletwidth\/2\" data-ssbottom=\"0+barheight+10\" data-offset=\"10\" class=\"n2-ss-widget n2-ss-widget-display-desktop n2-ss-widget-display-tablet n2-ss-widget-display-mobile  n2-flex n2-ss-control-bullet n2-ss-control-bullet-horizontal\" style=\"position: absolute;\"><div class=\" nextend-bullet-bar n2-ow n2-bar-justify-content-center\"><\/div><\/div>\n        <\/div>\r\n        <div data-position=\"below\" class=\"n2-ss-widget n2-ss-widget-display-desktop n2-ss-widget-display-tablet n2-ss-widget-display-mobile nextend-shadow n2-ow\" style=\"margin-top:0px;width:100%;\"><img decoding=\"async\" style=\"display: block; width:100%;max-width:none;\" class=\"n2-ow nextend-shadow-image\" data-no-lazy=\"1\" data-hack=\"data-lazy-src\" src=\"\/\/empresaocampo.com\/wp-content\/plugins\/smart-slider-3\/library\/media\/plugins\/widgetshadow\/shadow\/shadow\/shadow\/dark.png\" alt=\"Shadow\" \/><\/div>\n<\/div><div class=\"n2-clear\"><\/div><div id=\"n2-ss-2-spinner\" style=\"display: none;\"><div><div class=\"n2-ss-spinner-simple-white-container\"><div class=\"n2-ss-spinner-simple-white\"><\/div><\/div><\/div><\/div><\/div><\/div><div id=\"n2-ss-2-placeholder\" style=\"position: relative;z-index:2;background-color:RGBA(0,0,0,0);max-height:3000px; background-color:RGBA(255,255,255,0);\"><img decoding=\"async\" style=\"width: 100%; max-width:3000px; display: block;opacity:0;margin:0px;\" class=\"n2-ow\" src=\"data:image\/svg+xml;base64,PHN2ZyB4bWxucz0iaHR0cDovL3d3dy53My5vcmcvMjAwMC9zdmciIHZlcnNpb249IjEuMCIgd2lkdGg9IjgwMCIgaGVpZ2h0PSI1MDAiID48L3N2Zz4=\" alt=\"Slider\" \/><\/div><\/div>\n\n\n\n<p style=\"text-align:center\"> <strong><em>Empresa de Ocampo les ofrece sus servicios y una gran experiencia en  perforaciones de pozos de agua, mantenimiento y limpieza de los mismos,  con garant\u00edas en la perforaci\u00f3n, en el caudal de agua y en los  materiales de construcci\u00f3n del pozo. Abarcamos el trabajo en  Comunidades, Barrios, Sector Empresarial, Privado, Agr\u00edcola, Ganader\u00eda,  Av\u00edcola, Riego, Micro riego,  Industrial y Comercial, con la m\u00e1xima  seriedad en el trato y calidad en el trabajo.<br> Se cuenta con T\u00e9cnico perforista calificado con 17 a\u00f1os de experiencia  en el Departamento de Tarija, Sucre, Potos\u00ed, adem\u00e1s contamos con  maquinaria y t\u00e9cnica de trabajo.<br> El trabajo de perforaci\u00f3n es con t\u00e9cnica y garant\u00eda lo realizamos  mediante tubos y bombeo de alta presi\u00f3n, con la capacidad de perforar  m\u00e1s de 200 metros de profundidad, lo cual nos permite un r\u00e1pido avanzado  en la perforaci\u00f3n y adem\u00e1s nos permite obtener resultados inmediatos  debido a la maquinaria y la larga experiencia que se tiene. <\/em><\/strong><\/p>\n<!-- AddThis Advanced Settings generic via filter on the_content --><!-- AddThis Share Buttons generic via filter on the_content -->","protected":false},"excerpt":{"rendered":"<div class=\"slide-text-bg2\"><span>Empresa de Ocampo les ofrece sus servicios y una gran experiencia en perforaciones de pozos de agua, mantenimiento y limpieza de los mismos, con garant\u00edas<\/span><\/div>\n<div class=\"slide-btn-area-sm\"><a href=\"https:\/\/empresaocampo.com\/index.php\/perforacion\/\" class=\"slide-btn-sm\">Leer m\u00e1s<\/a><\/div>\n<p><!-- AddThis Advanced Settings generic via filter on get_the_excerpt --><!-- AddThis Share Buttons generic via filter on get_the_excerpt --><\/p>\n","protected":false},"author":1,"featured_media":0,"parent":0,"menu_order":0,"comment_status":"closed","ping_status":"closed","template":"","meta":{"om_disable_all_campaigns":false,"_monsterinsights_skip_tracking":false,"_monsterinsights_sitenote_active":false,"_monsterinsights_sitenote_note":"","_monsterinsights_sitenote_category":0,"footnotes":""},"class_list":["post-23","page","type-page","status-publish","hentry"],"_links":{"self":[{"href":"https:\/\/empresaocampo.com\/index.php\/wp-json\/wp\/v2\/pages\/23","targetHints":{"allow":["GET"]}}],"collection":[{"href":"https:\/\/empresaocampo.com\/index.php\/wp-json\/wp\/v2\/pages"}],"about":[{"href":"https:\/\/empresaocampo.com\/index.php\/wp-json\/wp\/v2\/types\/page"}],"author":[{"embeddable":true,"href":"https:\/\/empresaocampo.com\/index.php\/wp-json\/wp\/v2\/users\/1"}],"replies":[{"embeddable":true,"href":"https:\/\/empresaocampo.com\/index.php\/wp-json\/wp\/v2\/comments?post=23"}],"version-history":[{"count":4,"href":"https:\/\/empresaocampo.com\/index.php\/wp-json\/wp\/v2\/pages\/23\/revisions"}],"predecessor-version":[{"id":91,"href":"https:\/\/empresaocampo.com\/index.php\/wp-json\/wp\/v2\/pages\/23\/revisions\/91"}],"wp:attachment":[{"href":"https:\/\/empresaocampo.com\/index.php\/wp-json\/wp\/v2\/media?parent=23"}],"curies":[{"name":"wp","href":"https:\/\/api.w.org\/{rel}","templated":true}]}}